{"id":5684,"date":"2024-12-11T07:39:27","date_gmt":"2024-12-11T06:39:27","guid":{"rendered":"https:\/\/dev.shop-kinematica.ch\/ueber-uns\/"},"modified":"2025-09-24T10:31:41","modified_gmt":"2025-09-24T08:31:41","slug":"ueber-uns","status":"publish","type":"page","link":"https:\/\/dev.shop-kinematica.ch\/de\/ueber-uns\/","title":{"rendered":"\u00dcber uns"},"content":{"rendered":"\t\t<div data-elementor-type=\"wp-page\" data-elementor-id=\"5684\" class=\"elementor elementor-5684 elementor-1351\" data-elementor-post-type=\"page\">\n\t\t\t\t<div class=\"elementor-element elementor-element-187ea92 e-flex e-con-boxed e-con e-parent\" data-id=\"187ea92\" data-element_type=\"container\" data-e-type=\"container\" data-settings=\"{&quot;background_background&quot;:&quot;classic&quot;}\">\n\t\t\t\t\t<div class=\"e-con-inner\">\n\t\t\t\t<div class=\"elementor-element elementor-element-0d2a5ba elementor-widget elementor-widget-heading\" data-id=\"0d2a5ba\" data-element_type=\"widget\" data-e-type=\"widget\" data-widget_type=\"heading.default\">\n\t\t\t\t<div class=\"elementor-widget-container\">\n\t\t\t\t\t<h2 class=\"elementor-heading-title elementor-size-default\">Unsere Geschichte. Ihr Mehrwert.<\/h2>\t\t\t\t<\/div>\n\t\t\t\t<\/div>\n\t\t\t\t<div class=\"elementor-element elementor-element-bf12d55 elementor-widget elementor-widget-text-editor\" data-id=\"bf12d55\" data-element_type=\"widget\" data-e-type=\"widget\" data-widget_type=\"text-editor.default\">\n\t\t\t\t<div class=\"elementor-widget-container\">\n\t\t\t\t\t\t\t\t\t<p>Kinematica: von der Schweiz aus in die ganze Welt.<\/p>\t\t\t\t\t\t\t\t<\/div>\n\t\t\t\t<\/div>\n\t\t\t\t\t<\/div>\n\t\t\t\t<\/div>\n\t\t<div class=\"elementor-element elementor-element-bbdaf09 e-con-full e-flex e-con e-parent\" data-id=\"bbdaf09\" data-element_type=\"container\" data-e-type=\"container\">\n\t\t\t\t<div class=\"elementor-element elementor-element-32dac98 elementor-widget__width-inherit elementor-absolute elementor-widget elementor-widget-image\" data-id=\"32dac98\" data-element_type=\"widget\" data-e-type=\"widget\" data-settings=\"{&quot;_position&quot;:&quot;absolute&quot;}\" data-widget_type=\"image.default\">\n\t\t\t\t<div class=\"elementor-widget-container\">\n\t\t\t\t\t\t\t\t\t\t\t\t\t\t\t<img decoding=\"async\" width=\"883\" height=\"11\" src=\"https:\/\/dev.shop-kinematica.ch\/wp-content\/uploads\/2025\/09\/barra_de_colores-1.png\" class=\"attachment-full size-full wp-image-8718\" alt=\"\" srcset=\"https:\/\/dev.shop-kinematica.ch\/wp-content\/uploads\/2025\/09\/barra_de_colores-1.png 883w, https:\/\/dev.shop-kinematica.ch\/wp-content\/uploads\/2025\/09\/barra_de_colores-1-300x4.png 300w, https:\/\/dev.shop-kinematica.ch\/wp-content\/uploads\/2025\/09\/barra_de_colores-1-768x10.png 768w, https:\/\/dev.shop-kinematica.ch\/wp-content\/uploads\/2025\/09\/barra_de_colores-1-600x7.png 600w, https:\/\/dev.shop-kinematica.ch\/wp-content\/uploads\/2025\/09\/barra_de_colores-1-90x1.png 90w\" sizes=\"(max-width: 883px) 100vw, 883px\" \/>\t\t\t\t\t\t\t\t\t\t\t\t\t\t\t<\/div>\n\t\t\t\t<\/div>\n\t\t\t\t<\/div>\n\t\t<div class=\"elementor-element elementor-element-93bcb54 e-flex e-con-boxed e-con e-parent\" data-id=\"93bcb54\" data-element_type=\"container\" data-e-type=\"container\">\n\t\t\t\t\t<div class=\"e-con-inner\">\n\t\t<div class=\"elementor-element elementor-element-0afd978 e-con-full e-flex e-con e-child\" data-id=\"0afd978\" data-element_type=\"container\" data-e-type=\"container\">\n\t\t\t\t<div class=\"elementor-element elementor-element-2e95a53 elementor-widget elementor-widget-image\" data-id=\"2e95a53\" data-element_type=\"widget\" data-e-type=\"widget\" data-widget_type=\"image.default\">\n\t\t\t\t<div class=\"elementor-widget-container\">\n\t\t\t\t\t\t\t\t\t\t\t\t\t\t\t<img fetchpriority=\"high\" decoding=\"async\" width=\"800\" height=\"531\" src=\"https:\/\/dev.shop-kinematica.ch\/wp-content\/uploads\/2025\/05\/history.jpg\" class=\"attachment-full size-full wp-image-3486\" alt=\"History Kinematica AG\" srcset=\"https:\/\/dev.shop-kinematica.ch\/wp-content\/uploads\/2025\/05\/history.jpg 800w, https:\/\/dev.shop-kinematica.ch\/wp-content\/uploads\/2025\/05\/history-300x199.jpg 300w, https:\/\/dev.shop-kinematica.ch\/wp-content\/uploads\/2025\/05\/history-768x510.jpg 768w, https:\/\/dev.shop-kinematica.ch\/wp-content\/uploads\/2025\/05\/history-600x398.jpg 600w, https:\/\/dev.shop-kinematica.ch\/wp-content\/uploads\/2025\/05\/history-81x54.jpg 81w\" sizes=\"(max-width: 800px) 100vw, 800px\" \/>\t\t\t\t\t\t\t\t\t\t\t\t\t\t\t<\/div>\n\t\t\t\t<\/div>\n\t\t\t\t<\/div>\n\t\t<div class=\"elementor-element elementor-element-94c8b81 e-con-full e-flex e-con e-child\" data-id=\"94c8b81\" data-element_type=\"container\" data-e-type=\"container\">\n\t\t\t\t<div class=\"elementor-element elementor-element-aee426e elementor-widget elementor-widget-text-editor\" data-id=\"aee426e\" data-element_type=\"widget\" data-e-type=\"widget\" data-widget_type=\"text-editor.default\">\n\t\t\t\t<div class=\"elementor-widget-container\">\n\t\t\t\t\t\t\t\t\t<p>Seit der Gr\u00fcndung der Kinematica im Jahr 1962 bildet Innovation ein Grundpfeiler unserer Entwicklungsstrategie.<\/p>\n<p class=\"my-5\">Nachdem Professor Willems die Industrie mit seiner Rotor \/ Stator-Erfindung revolutioniert hatte, setzte die Kinematica die Perfektionierung der Technik durch Individualisierung und Entwicklung ihrer L\u00f6sung fort, um selbst den anspruchsvollsten Anwendungen gerecht zu werden. Unser Engagement, durch den Einsatz modernster<br>und aktuellster Technologie stetig neue Trends und Massst\u00e4be in verschiedenen Industriebereichen zu setzen, ist ungebrochen. Unsere Produkte unterst\u00fctzen dabei weltweit tausende von Endnutzern bei ihren Anwendungen und neuen Herausforderungen. <\/p>\n<p>\u00abHomogenizing perfected.\u00bb oder die Findung der bestm\u00f6glichen, idealen L\u00f6sung f\u00fcr Ihre Homogenisieraufgabe wird stets im Zentrum unserer Firmenpolitik stehen. Tiefere Integration der Technologie f\u00fcr eine \u00abvernetzte Welt\u00bb bei kompromissloser Qualit\u00e4t und Leistung sind aktuelle Themen, bei denen wir unser vollstes Engagement f\u00fcr Sie einsetzen. Wir freuen uns darauf, mit Ihnen diese spannende Reise fortzusetzen und blicken gemeinsam in Richtung einer vielversprechenden und erfolgreichen Zukunft. <\/p>\t\t\t\t\t\t\t\t<\/div>\n\t\t\t\t<\/div>\n\t\t\t\t<\/div>\n\t\t\t\t\t<\/div>\n\t\t\t\t<\/div>\n\t\t\t\t<\/div>\n\t\t","protected":false},"excerpt":{"rendered":"<p>Unsere Geschichte. Ihr Mehrwert. Kinematica: von der Schweiz aus in die ganze Welt. Seit der Gr\u00fcndung der Kinematica im Jahr 1962 bildet Innovation ein Grundpfeiler unserer Entwicklungsstrategie. Nachdem Professor Willems die Industrie mit seiner Rotor \/ Stator-Erfindung revolutioniert hatte, setzte die Kinematica die Perfektionierung der Technik durch Individualisierung und Entwicklung ihrer L\u00f6sung fort, um selbst<\/p>\n<div class=\"klb-readmore post-buttons\"><a class=\"btn btn-black btn-rounded\" href=\"https:\/\/dev.shop-kinematica.ch\/de\/ueber-uns\/\">Read More <i class=\"klbth-icon-right-arrow\"><\/i><\/a><\/div>\n","protected":false},"author":1,"featured_media":0,"parent":0,"menu_order":0,"comment_status":"closed","ping_status":"closed","template":"","meta":{"_acf_changed":false,"footnotes":""},"class_list":["post-5684","page","type-page","status-publish","hentry"],"acf":[],"_links":{"self":[{"href":"https:\/\/dev.shop-kinematica.ch\/de\/wp-json\/wp\/v2\/pages\/5684","targetHints":{"allow":["GET"]}}],"collection":[{"href":"https:\/\/dev.shop-kinematica.ch\/de\/wp-json\/wp\/v2\/pages"}],"about":[{"href":"https:\/\/dev.shop-kinematica.ch\/de\/wp-json\/wp\/v2\/types\/page"}],"author":[{"embeddable":true,"href":"https:\/\/dev.shop-kinematica.ch\/de\/wp-json\/wp\/v2\/users\/1"}],"replies":[{"embeddable":true,"href":"https:\/\/dev.shop-kinematica.ch\/de\/wp-json\/wp\/v2\/comments?post=5684"}],"version-history":[{"count":0,"href":"https:\/\/dev.shop-kinematica.ch\/de\/wp-json\/wp\/v2\/pages\/5684\/revisions"}],"wp:attachment":[{"href":"https:\/\/dev.shop-kinematica.ch\/de\/wp-json\/wp\/v2\/media?parent=5684"}],"curies":[{"name":"wp","href":"https:\/\/api.w.org\/{rel}","templated":true}]}}